{"id":403,"date":"2021-02-09T10:08:15","date_gmt":"2021-02-09T10:08:15","guid":{"rendered":"https:\/\/autosguayre.com\/?page_id=403"},"modified":"2025-05-16T18:48:21","modified_gmt":"2025-05-16T17:48:21","slug":"condiciones-generales","status":"publish","type":"page","link":"https:\/\/autosguayre.com\/de\/condiciones-generales\/","title":{"rendered":"Gesch\u00e4ftsbedingungen"},"content":{"rendered":"<div class=\"wp-block-columns alignfull generales is-layout-flex wp-container-core-columns-is-layout-9d6595d7 wp-block-columns-is-layout-flex\">\n<div class=\"wp-block-column is-layout-flow wp-block-column-is-layout-flow\">\n<ul class=\"condiciones beneficios\"><li><i class=\"fas fa-check-circle\" aria-hidden=\"true\"><\/i> Vollkaskoversicherung<\/li><li><i class=\"fas fa-check-circle\" aria-hidden=\"true\"><\/i> Lieferung \u00fcberall auf der Insel<\/li><li><i class=\"fas fa-check-circle\" aria-hidden=\"true\"><\/i> Kostenlose St\u00fchle und Aufz\u00fcge<\/li><li><i class=\"fas fa-check-circle\" aria-hidden=\"true\"><\/i> Kostenloser zus\u00e4tzlicher Treiber<\/li><li><i class=\"fas fa-check-circle\" aria-hidden=\"true\"><\/i> Gastank wird nicht aufgeladen<\/li><li><i class=\"fas fa-check-circle\" aria-hidden=\"true\"><\/i> Unbegrenzte Kilometer<\/li><li><i class=\"fas fa-check-circle\" aria-hidden=\"true\"><\/i> Preise ohne \u00dcberraschung<\/li><li><i class=\"fas fa-check-circle\" aria-hidden=\"true\"><\/i> Mehr als 50 Jahre Erfahrung<\/li><li><i class=\"fas fa-check-circle\" aria-hidden=\"true\"><\/i> Kostenlose Informationen und Karten der Insel<\/li><\/ul>\n\n\n\n<div style=\"height:50px\" aria-hidden=\"true\" class=\"wp-block-spacer\"><\/div>\n\n\n\n<h5 class=\"wp-block-heading\">VERSICHERUNG NICHT ABDECKEN<\/h5>\n\n\n\n<ul class=\"wp-block-list\">\n<li>Behauptungen in Bezug auf r\u00fccksichtsloses Fahren, Einfluss von alkoholischen Getr\u00e4nken oder anderen Drogen.<\/li>\n\n\n\n<li>Die Zahlung von Transfers und Reparaturen des Fahrzeugs durch die Verwendung von unangemessenem Kraftstoff motiviert.<\/li>\n\n\n\n<li>Der Verlust, der vollst\u00e4ndige oder teilweise Bruch oder der Austausch der Fahrzeugschl\u00fcssel oder des Autoschlosses mit dem Schl\u00fcssel im Inneren, ohne dass dies durch eine Versicherungspolice abgedeckt ist.<\/li>\n\n\n\n<li>Radbruch (Reifenpannen, falls abgedeckt)<\/li>\n<\/ul>\n\n\n\n<h5 class=\"wp-block-heading\">AUSDR\u00dcCKLICH VERBOTEN<\/h5>\n\n\n\n<ul class=\"wp-block-list\">\n<li>Bajo ninguna circunstancia debe llevar el veh\u00edculo a otras islas.<\/li>\n\n\n\n<li>Viajar por caminos sin pavimentar, as\u00ed como en \u00e1reas prohibidas o peligrosas (como caminos sin pavimentar, playas, ca\u00f1ones, etc.)<\/li>\n<\/ul>\n\n\n\n<h5 class=\"wp-block-heading\">RESERVIERUNGSSYSTEM<\/h5>\n\n\n\n<ul class=\"wp-block-list\">\n<li>Die Zahlung erfolgt zum Zeitpunkt der Vertragsunterzeichnung. Die Zahlungsweise kann in bar oder per Karte erfolgen.<\/li>\n\n\n\n<li>Sobald der Kunde seine Reservierung \u00fcber das Internet vornimmt, erh\u00e4lt er die Best\u00e4tigung oder Ablehnung der Anfrage an die von ihm angegebene E-Mail-Adresse.<\/li>\n\n\n\n<li>Diese Preise gelten f\u00fcr Reservierungen \u00fcber diese Website. Im B\u00fcro k\u00f6nnen die Preise ohne vorherige Ank\u00fcndigung variieren.<\/li>\n\n\n\n<li>F\u00fcr Liefer- und Abholservice in anderen Teilen der Insel \u00fcberpr\u00fcfen Sie die Verf\u00fcgbarkeit und die Preise der Reservierung.<\/li>\n<\/ul>\n\n\n\n<h5 class=\"wp-block-heading\"><strong>UNFALL<\/strong><\/h5>\n\n\n\n<p>Der Vermieter ergreift im Falle eines Unfalls mit dem geleasten Fahrzeug die folgenden Ma\u00dfnahmen.<\/p>\n\n\n\n<ul class=\"wp-block-list\">\n<li>Nichtanerkennung oder Vorwegnahme der tats\u00e4chlichen Haftung.<\/li>\n\n\n\n<li>Erhalten Sie vollst\u00e4ndige Informationen von der Gegenpartei, indem Sie das Formular mit den Fahrzeugdokumenten ausf\u00fcllen, das dem Vermieter dringend zugesandt wird, und bei schweren Unf\u00e4llen sogar telefonisch benachrichtigen.<\/li>\n\n\n\n<li>Benachrichtigen Sie die Beh\u00f6rden unverz\u00fcglich, wenn die andere Partei schuldig ist.<\/li>\n<\/ul>\n<\/div>\n<\/div>","protected":false},"excerpt":{"rendered":"<p>Vollkaskoversicherung Lieferung \u00fcberall auf der Insel Kostenlose St\u00fchle und Aufz\u00fcge Kostenloser zus\u00e4tzlicher Treiber Gastank wird nicht aufgeladen Unbegrenzte Kilometer Preise ohne \u00dcberraschung Mehr als 50 Jahre Erfahrung Kostenlose Informationen und [&hellip;]<\/p>\n","protected":false},"author":1,"featured_media":0,"parent":0,"menu_order":0,"comment_status":"closed","ping_status":"closed","template":"page-full.php","meta":{"_joinchat":[],"footnotes":""},"class_list":["post-403","page","type-page","status-publish","hentry"],"aioseo_notices":[],"_links":{"self":[{"href":"https:\/\/autosguayre.com\/de\/wp-json\/wp\/v2\/pages\/403","targetHints":{"allow":["GET"]}}],"collection":[{"href":"https:\/\/autosguayre.com\/de\/wp-json\/wp\/v2\/pages"}],"about":[{"href":"https:\/\/autosguayre.com\/de\/wp-json\/wp\/v2\/types\/page"}],"author":[{"embeddable":true,"href":"https:\/\/autosguayre.com\/de\/wp-json\/wp\/v2\/users\/1"}],"replies":[{"embeddable":true,"href":"https:\/\/autosguayre.com\/de\/wp-json\/wp\/v2\/comments?post=403"}],"version-history":[{"count":25,"href":"https:\/\/autosguayre.com\/de\/wp-json\/wp\/v2\/pages\/403\/revisions"}],"predecessor-version":[{"id":3282,"href":"https:\/\/autosguayre.com\/de\/wp-json\/wp\/v2\/pages\/403\/revisions\/3282"}],"wp:attachment":[{"href":"https:\/\/autosguayre.com\/de\/wp-json\/wp\/v2\/media?parent=403"}],"curies":[{"name":"wp","href":"https:\/\/api.w.org\/{rel}","templated":true}]}}