{"id":1868,"date":"2022-07-05T18:08:18","date_gmt":"2022-07-05T17:08:18","guid":{"rendered":"https:\/\/autosguayre.com\/?page_id=1868"},"modified":"2025-08-11T15:56:47","modified_gmt":"2025-08-11T14:56:47","slug":"transparencia","status":"publish","type":"page","link":"https:\/\/autosguayre.com\/en\/transparencia\/","title":{"rendered":"Transparencia"},"content":{"rendered":"<p class=\"qtranxs-available-languages-message qtranxs-available-languages-message-en\">Sorry, this entry is only available in <a href=\"https:\/\/autosguayre.com\/es\/wp-json\/wp\/v2\/pages\/1868\" class=\"qtranxs-available-language-link qtranxs-available-language-link-es\" title=\"Espa\u00f1ol\">Espa\u00f1ol<\/a>.<\/p><h3 class=\"wp-block-heading\">Informaci\u00f3n General<\/h3>\n\n\n\n<p>AUTOS GUAYRE SL. ES UNA SOCIEDAD DE NACIONALIDAD ESPA\u00d1OLA CON C.I.F. B35054311<br>CONSTITUIDA EN ARRECIFE DE LANZAROTE EL 01\/10\/1981.<br>ACTUALMENTE EST\u00c1 INSCRITA EN EL REGISTRO MERCANTIL DE LAS PALMAS FOLIO 170 DEL<br>TOMO 271, N\u00ba 89, SECCION 2\u00ba , HOJA N\u00ba 1891.<br>TIENE SU DOMICILIO ACTUAL EN C\/CORREO 3 ,35530 TEGUISE-LANZAROTE. PROVINCIA DE<br>LAS PALMAS<\/p>\n\n\n\n<h3 class=\"wp-block-heading\">Objetivo Social<\/h3>\n\n\n\n<p>EL ARRENDAMIENTO DE VEHICULOS CON CONDUCTOR Y SIN CONDUCTOR .<\/p>\n\n\n\n<h3 class=\"wp-block-heading\">Actividad<\/h3>\n\n\n\n<p>LA ACTIVIDAD QUE DESARROLLA ES LA CORRESPONDIENTE CON SU OBJETO SOCIAL<br>RELATIVA AL ALQUILER DE VEH\u00cdCULOS SIN CONDUCTOR<\/p>\n\n\n\n<h3 class=\"wp-block-heading\">Visi\u00f3n<\/h3>\n\n\n\n<p>AUTOS GUAYRE S.L. PRETENDE SER UNA EMPRESA EJEMPLAR ,TANTO CON SUS CLIENTES<br>COMO CON SUS PROVEEDORES Y EMPEADOS .<\/p>\n\n\n\n<h3 class=\"wp-block-heading\">Las normativa aplicables que se pueden regir<br><\/h3>\n\n\n\n<p>Ley de Sociedades de Capital&nbsp; enlace : <a href=\"https:\/\/www.boe.es\/boe\/dias\/2010\/07\/03\/pdfs\/BOE-A-2010-10544.pdf\" target=\"_blank\" rel=\"noreferrer noopener\">Disposici\u00f3n 10544 del BOE n\u00fam. 161 de 2010<\/a><\/p>\n\n\n\n<p>Ley del Impuesto sobre Sociedades&nbsp; enlace: <a href=\"https:\/\/www.boe.es\/boe\/dias\/2014\/11\/28\/pdfs\/BOE-A-2014-12328.pdf\" target=\"_blank\" rel=\"noreferrer noopener\">Disposici\u00f3n 12328 del BOE n\u00fam. 288 de 2014<\/a><\/p>\n\n\n\n<h3 class=\"wp-block-heading\">Subvenciones Recibidas<\/h3>\n\n\n\n<p>-Subvenci\u00f3n Estatal: <a href=\"https:\/\/camaralanzarote.org\/wp-content\/uploads\/2021\/08\/RESOLUCIO%CC%81N-N%C2%BA644.2021.pdf\" target=\"_blank\" rel=\"noreferrer noopener\">https:\/\/camaralanzarote.org\/wp-content\/uploads\/2021\/08\/RESOLUCIO%CC%81N-N%C2%BA644.2021.pdf<\/a><\/p>\n\n\n\n<p>-Subvenci\u00f3n Gobierno de Canarias: <a href=\"https:\/\/camaralanzarote.org\/wp-content\/uploads\/2021\/06\/RESOLUCIO%CC%81N-395_2021-DE-CONCESIO%CC%81N-LI%CC%81NEA-2-LZT_LG-07_2021.pdf\" target=\"_blank\" rel=\"noreferrer noopener\">https:\/\/camaralanzarote.org\/wp-content\/uploads\/2021\/06\/RESOLUCIO%CC%81N-395_2021-DE-CONCESIO%CC%81N-LI%CC%81NEA-2-LZT_LG-07_2021.pdf<\/a><\/p>\n\n\n\n<h3 class=\"wp-block-heading\">Informaci\u00f3n financiera<\/h3>\n\n\n\n<p><a href=\"https:\/\/autosguayre.com\/wp-content\/uploads\/2022\/07\/DepositoPyme01.pdf\" target=\"_blank\" rel=\"noreferrer noopener\">Dep\u00f3sito PYME 2017\/2018<\/a><\/p>\n\n\n\n<p><a href=\"https:\/\/autosguayre.com\/wp-content\/uploads\/2022\/07\/DepositoPyme02.pdf\" target=\"_blank\" rel=\"noreferrer noopener\">Dep\u00f3sito PYME 2018\/2019<\/a><\/p>\n\n\n\n<p><a href=\"https:\/\/autosguayre.com\/wp-content\/uploads\/2022\/07\/DepositoPyme03.pdf\" target=\"_blank\" rel=\"noreferrer noopener\">Dep\u00f3sito PYME 2019\/2020<\/a><\/p>\n\n\n\n<p><a href=\"https:\/\/autosguayre.com\/wp-content\/uploads\/2023\/09\/Deposito-pyme.pdf\" target=\"_blank\" rel=\"noopener\" title=\"\">Dep\u00f3sito PYME 2021\/2022<\/a><\/p>\n\n\n\n<p><a href=\"https:\/\/autosguayre.com\/wp-content\/uploads\/2025\/08\/Deposito-pyme.pdf\" target=\"_blank\" rel=\"noopener\" title=\"\">Dep\u00f3sito PYME 2023\/2024<\/a><\/p>\n\n\n\n<p><a href=\"https:\/\/autosguayre.com\/wp-content\/uploads\/2022\/07\/memoria01.pdf\" target=\"_blank\" rel=\"noreferrer noopener\">Memoria PYME 2018<\/a><\/p>\n\n\n\n<p><a href=\"https:\/\/autosguayre.com\/wp-content\/uploads\/2022\/07\/memoria02.pdf\" target=\"_blank\" rel=\"noreferrer noopener\">Memoria PYME 2019<\/a><\/p>\n\n\n\n<p><a href=\"https:\/\/autosguayre.com\/wp-content\/uploads\/2022\/07\/memoria03.pdf\" target=\"_blank\" rel=\"noreferrer noopener\">Memoria PYME 2020<\/a><\/p>\n\n\n\n<p><a href=\"https:\/\/autosguayre.com\/wp-content\/uploads\/2023\/09\/Memoria.pdf\" target=\"_blank\" rel=\"noopener\" title=\"\">Memoria PYME 2022<\/a><\/p>\n\n\n\n<p><a href=\"https:\/\/autosguayre.com\/wp-content\/uploads\/2025\/08\/Memoria.pdf\" target=\"_blank\" rel=\"noopener\" title=\"\">Memoria PYME 2024<\/a><\/p>\n\n\n\n<h3 class=\"wp-block-heading\">Enlace a la sede electr\u00f3nica del Comisionado de Transparencia de Canarias.<\/h3>\n\n\n\n<p><a href=\"https:\/\/sede.transparenciacanarias.org\/\">https:\/\/sede.transparenciacanarias.org\/<\/a><\/p>","protected":false},"excerpt":{"rendered":"<p>Sorry, this entry is only available in Espa\u00f1ol. Informaci\u00f3n General AUTOS GUAYRE SL. ES UNA SOCIEDAD DE NACIONALIDAD ESPA\u00d1OLA CON C.I.F. B35054311CONSTITUIDA EN ARRECIFE DE LANZAROTE EL 01\/10\/1981.ACTUALMENTE EST\u00c1 INSCRITA [&hellip;]<\/p>\n","protected":false},"author":1,"featured_media":0,"parent":0,"menu_order":0,"comment_status":"closed","ping_status":"closed","template":"","meta":{"_joinchat":[],"footnotes":""},"class_list":["post-1868","page","type-page","status-publish","hentry"],"aioseo_notices":[],"_links":{"self":[{"href":"https:\/\/autosguayre.com\/en\/wp-json\/wp\/v2\/pages\/1868","targetHints":{"allow":["GET"]}}],"collection":[{"href":"https:\/\/autosguayre.com\/en\/wp-json\/wp\/v2\/pages"}],"about":[{"href":"https:\/\/autosguayre.com\/en\/wp-json\/wp\/v2\/types\/page"}],"author":[{"embeddable":true,"href":"https:\/\/autosguayre.com\/en\/wp-json\/wp\/v2\/users\/1"}],"replies":[{"embeddable":true,"href":"https:\/\/autosguayre.com\/en\/wp-json\/wp\/v2\/comments?post=1868"}],"version-history":[{"count":11,"href":"https:\/\/autosguayre.com\/en\/wp-json\/wp\/v2\/pages\/1868\/revisions"}],"predecessor-version":[{"id":3503,"href":"https:\/\/autosguayre.com\/en\/wp-json\/wp\/v2\/pages\/1868\/revisions\/3503"}],"wp:attachment":[{"href":"https:\/\/autosguayre.com\/en\/wp-json\/wp\/v2\/media?parent=1868"}],"curies":[{"name":"wp","href":"https:\/\/api.w.org\/{rel}","templated":true}]}}